{"id":5865,"date":"2024-03-13T11:41:03","date_gmt":"2024-03-13T11:41:03","guid":{"rendered":"https:\/\/wonderchrono.com\/?post_type=product&#038;p=5865"},"modified":"2024-08-09T08:04:15","modified_gmt":"2024-08-09T08:04:15","slug":"chopard-mille-miglia-2022-race-edition","status":"publish","type":"product","link":"https:\/\/wonderchrono.com\/en\/produkt\/chopard-mille-miglia-2022-race-edition\/","title":{"rendered":"Chopard MILLE MIGLIA 2022 RACE EDITION 168571-6004"},"content":{"rendered":"<p><img decoding=\"async\" class=\"alignnone size-medium wp-image-4883\" src=\"https:\/\/wonderchrono.com\/wp-content\/uploads\/2024\/02\/1-300x136.png\" alt=\"\" width=\"300\" height=\"136\" srcset=\"https:\/\/wonderchrono.com\/wp-content\/uploads\/2024\/02\/1-300x136.png 300w, https:\/\/wonderchrono.com\/wp-content\/uploads\/2024\/02\/1-960x435.png 960w, https:\/\/wonderchrono.com\/wp-content\/uploads\/2024\/02\/1-600x272.png 600w, https:\/\/wonderchrono.com\/wp-content\/uploads\/2024\/02\/1-145x66.png 145w\" sizes=\"(max-width: 300px) 100vw, 300px\" \/><\/p>\n<p>After passing a thorough inspection by our experts, <b>we give a one-year warranty on this model.<\/b><\/p>\n<p>With our inhouse Certificate of Authenticity we confirm the watch purchased is guaranteed authentic and <b>100% original<\/b>.<span class=\"Apple-converted-space\">\u00a0<\/span><\/p>\n<p>Every card has an <strong>individual serial number<\/strong>, where is written the purchasers name, the purchase date and the watch information.<span class=\"Apple-converted-space\">\u00a0<\/span><\/p>","protected":false},"excerpt":{"rendered":"<p>Chopard to jedna z najstarszych firm produkuj\u0105cych luksusow\u0105 bi\u017cuteri\u0119 oraz zegarki, przedsi\u0119biorstwo powsta\u0142o w 1860 roku w szwajcarskiej miejscowo\u015bci Sonvilier. Obecnie siedziba firmy znajduje si\u0119 w Genewie. W ofercie Chopard znale\u017a\u0107 mo\u017cna: unikaln\u0105 bi\u017cuteri\u0119, klasyczne oraz sportowe zegarki, bi\u017cuteri\u0119 zar\u0119czynow\u0105 oraz \u015blubn\u0105, a tak\u017ce: torebki, perfumy i okulary. Do najs\u0142ynniejszych kolekcji bi\u017cuterii zaliczy\u0107 mo\u017cna: Happy Diamonds, Happy Hearts, Ice Cube, Imperiale, Chopardissimo i L&#8217;Heure Du Diamant. W\u015br\u00f3d kolekcji zegark\u00f3w w historii zapisa\u0142y si\u0119 m\u0119skie kolekcje zegark\u00f3w: L.U.C, Classic oraz Classic Racing, a tak\u017ce damskie kolekcje zegark\u00f3w: Happy Sport, Happy Diamonds, Imperiale, Classic, La Strada, L.U.C oraz L&#8217;Heure Du Diamant.<\/p>","protected":false},"featured_media":5866,"template":"","meta":[],"product_brand":[],"product_cat":[208],"product_tag":[585,341],"class_list":{"0":"post-5865","1":"product","2":"type-product","3":"status-publish","4":"has-post-thumbnail","6":"product_cat-chopard","7":"product_tag-available","8":"product_tag-mens-watches","10":"first","11":"instock","12":"sold-individually","13":"shipping-taxable","14":"purchasable","15":"product-type-simple"},"_links":{"self":[{"href":"https:\/\/wonderchrono.com\/en\/wp-json\/wp\/v2\/product\/5865","targetHints":{"allow":["GET"]}}],"collection":[{"href":"https:\/\/wonderchrono.com\/en\/wp-json\/wp\/v2\/product"}],"about":[{"href":"https:\/\/wonderchrono.com\/en\/wp-json\/wp\/v2\/types\/product"}],"version-history":[{"count":0,"href":"https:\/\/wonderchrono.com\/en\/wp-json\/wp\/v2\/product\/5865\/revisions"}],"wp:featuredmedia":[{"embeddable":true,"href":"https:\/\/wonderchrono.com\/en\/wp-json\/wp\/v2\/media\/5866"}],"wp:attachment":[{"href":"https:\/\/wonderchrono.com\/en\/wp-json\/wp\/v2\/media?parent=5865"}],"wp:term":[{"taxonomy":"product_brand","embeddable":true,"href":"https:\/\/wonderchrono.com\/en\/wp-json\/wp\/v2\/product_brand?post=5865"},{"taxonomy":"product_cat","embeddable":true,"href":"https:\/\/wonderchrono.com\/en\/wp-json\/wp\/v2\/product_cat?post=5865"},{"taxonomy":"product_tag","embeddable":true,"href":"https:\/\/wonderchrono.com\/en\/wp-json\/wp\/v2\/product_tag?post=5865"}],"curies":[{"name":"wp","href":"https:\/\/api.w.org\/{rel}","templated":true}]}}